{"id":2583,"date":"2020-01-08T10:46:39","date_gmt":"2020-01-08T09:46:39","guid":{"rendered":"https:\/\/prosume.io\/estudios-de-caso\/"},"modified":"2020-01-08T10:46:43","modified_gmt":"2020-01-08T09:46:43","slug":"estudios-de-caso","status":"publish","type":"page","link":"https:\/\/prosume.io\/es\/estudios-de-caso\/","title":{"rendered":"Estudios de caso"},"content":{"rendered":"<\/div><\/div><\/div><!-- close content main div --><\/div><\/div><div id='av_section_1' class='avia-section main_color avia-section-large avia-no-border-styling av-section-color-overlay-active avia-bg-style-scroll   container_wrap sidebar_left lazyload' style = 'background-color: #5390a3; background-repeat: no-repeat; background-image:inherit;background-attachment: scroll; background-position: top left; ' data-section-bg-repeat='no-repeat'  data-bg-image='url(https:\/\/prosume.io\/wp-content\/uploads\/Prosume_Image_Case_Barcelona-Energy-Community.jpg)'><div class='av-section-color-overlay-wrap'><div class='av-section-color-overlay' style='opacity: 0.5; background-color: #5390a3; '><\/div><div class='container' ><div class='template-page content  av-content-small units'><div class='post-entry post-entry-type-page post-entry-2583'><div class='entry-content-wrapper clearfix'>\n<div style='padding-bottom:6px; color:#ffffff;' class='av-special-heading av-special-heading-h1 custom-color-heading blockquote modern-quote  '><div class ='av-subheading av-subheading_above av_custom_color ' style='font-size:16px;'><p>ESTUDIOS DE CASO<\/p>\n<\/div><h1 class='av-special-heading-tag '  itemprop=\"headline\"  >Descubre m\u00e1s sobre nuestros proyectos<\/h1><div class='special-heading-border'><div class='special-heading-inner-border' style='border-color:#ffffff'><\/div><\/div><\/div>\n<\/div><\/div><\/div><!-- close content main div --><\/div><\/div><\/div><div id='after_section_1' class='main_color av_default_container_wrap container_wrap sidebar_left'   ><div class='container' ><div class='template-page content  av-content-small units'><div class='post-entry post-entry-type-page post-entry-2583'><div class='entry-content-wrapper clearfix'>\n<\/div><\/div><\/div><!-- close content main div --><\/div><\/div><div id='av_section_2' class='avia-section main_color avia-section-default avia-no-shadow avia-bg-style-scroll   container_wrap sidebar_left' style = 'background-image: '  ><div class='container' ><div class='template-page content  av-content-small units'><div class='post-entry post-entry-type-page post-entry-2583'><div class='entry-content-wrapper clearfix'>\n<div class='flex_column_table av-equal-height-column-flextable -flextable' ><div class=\"flex_column av_three_fourth  flex_column_table_cell av-equal-height-column av-align-middle first  \" style='padding:0px 10% 0px 10% ; border-radius:0px; '><div style='padding-bottom:10px; ' class='av-special-heading av-special-heading-h6  blockquote modern-quote   '><h6 class='av-special-heading-tag '  itemprop=\"headline\"  >Comunidad Energ\u00e9tica de Barcelona<\/h6><div class ='av-subheading av-subheading_below  ' style='font-size:15px;'><h2>Intercambio de datos energ\u00e9ticos para personas reales<\/h2>\n<p>En el cuarto trimestre de 2018, obtuvimos una subvenci\u00f3n del ayuntamiento de Barcelona para desarrollar Barcelona Energy Community, un proyecto piloto para su comunidad, centrado en el registro blockchain de datos relacionados con el consumo, la producci\u00f3n y el almacenamiento de energ\u00eda de los edificios de la ciudad.<\/p>\n<\/div><div class='special-heading-border'><div class='special-heading-inner-border' ><\/div><\/div><\/div><\/div><\/div><!--close column table wrapper. Autoclose: 1 --><div class='flex_column_table av-equal-height-column-flextable -flextable' ><div class='av-flex-placeholder'><\/div><div class=\"flex_column av_one_fourth  flex_column_table_cell av-equal-height-column av-align-middle av-zero-column-padding   \" style='border-radius:0px; '><p><div class='avia-image-container  av-styling-no-styling    avia-align-center '  itemprop=\"ImageObject\" itemscope=\"itemscope\" itemtype=\"https:\/\/schema.org\/ImageObject\"  ><div class='avia-image-container-inner'><div class='avia-image-overlay-wrap'><img class='avia_image lazyload' data-src='https:\/\/prosume.io\/wp-content\/uploads\/Barcelona-Energia_logo-300x69.png' alt='' title='Barcelona-Energia_logo' height=\"69\"width=\"300\"  itemprop=\"thumbnailUrl\" src=\"data:image\/gif;base64,R0lGODlhAQABAAAAACH5BAEKAAEALAAAAAABAAEAAAICTAEAOw==\" style=\"--smush-placeholder-width: 300px; --smush-placeholder-aspect-ratio: 300\/69;\" \/><\/div><\/div><\/div><br \/>\n<div style='height:25px' class='hr hr-invisible  '><span class='hr-inner ' ><span class='hr-inner-style'><\/span><\/span><\/div><br \/>\n<div class='avia-buttonrow-wrap avia-buttonrow-center  '>\n<a href='\/?page_id=2097'  class='avia-button  avia-icon_select-no avia-color-theme-color-subtle avia-size-small '  style='margin-bottom:10px; margin-left:5px; margin-right:5px; ' ><span class='avia_iconbox_title' >LEE MAS<\/span><\/a>\n<a href='https:\/\/prosume.io\/wp-content\/uploads\/PROSUME_Case_Barcelona-Energy-Community-2.pdf'  class='avia-button  avia-icon_select-yes-left-icon avia-color-theme-color-highlight avia-size-small '  target=\"_blank\"  style='margin-bottom:10px; margin-left:5px; margin-right:5px; ' ><span class='avia_button_icon avia_button_icon_left ' aria-hidden='true' data-av_icon='\ue82d' data-av_iconfont='entypo-fontello'><\/span><span class='avia_iconbox_title' >DESCARGAR<\/span><\/a>\n<\/div><\/p><\/div><\/div><!--close column table wrapper. Autoclose: 1 --><div  class='hr hr-default  '><span class='hr-inner ' ><span class='hr-inner-style'><\/span><\/span><\/div>\n<div class='flex_column_table av-equal-height-column-flextable -flextable' ><div class=\"flex_column av_three_fourth  flex_column_table_cell av-equal-height-column av-align-middle first  \" style='padding:0px 10% 0px 10% ; border-radius:0px; '><div style='padding-bottom:10px; ' class='av-special-heading av-special-heading-h6  blockquote modern-quote   '><h6 class='av-special-heading-tag '  itemprop=\"headline\"  >e-Prosume<\/h6><div class ='av-subheading av-subheading_below  ' style='font-size:14px;'><h2>Integrando blockchain con puertas de enlace inteligentes para el hogar<\/h2>\n<p>El agregador de energ\u00eda italiano Evolvere se ha aliado con Prosume en una asociaci\u00f3n sin precedentes entre un l\u00edder en el sector de generaci\u00f3n distribuida y un proveedor de soluciones blockchain.<\/p>\n<\/div><div class='special-heading-border'><div class='special-heading-inner-border' ><\/div><\/div><\/div><\/div><\/div><!--close column table wrapper. Autoclose: 1 --><div class='flex_column_table av-equal-height-column-flextable -flextable' ><div class='av-flex-placeholder'><\/div><div class=\"flex_column av_one_fourth  flex_column_table_cell av-equal-height-column av-align-middle av-zero-column-padding   \" style='border-radius:0px; '><p><div class='avia-image-container  av-styling-no-styling    avia-align-center '  itemprop=\"ImageObject\" itemscope=\"itemscope\" itemtype=\"https:\/\/schema.org\/ImageObject\"  ><div class='avia-image-container-inner'><div class='avia-image-overlay-wrap'><img class='avia_image lazyload' data-src='https:\/\/prosume.io\/wp-content\/uploads\/Evolvere_logo.png' alt='' title='Evolvere_logo' height=\"169\"width=\"413\"  itemprop=\"thumbnailUrl\" src=\"data:image\/gif;base64,R0lGODlhAQABAAAAACH5BAEKAAEALAAAAAABAAEAAAICTAEAOw==\" style=\"--smush-placeholder-width: 413px; --smush-placeholder-aspect-ratio: 413\/169;\" \/><\/div><\/div><\/div><br \/>\n<div style='height:25px' class='hr hr-invisible  '><span class='hr-inner ' ><span class='hr-inner-style'><\/span><\/span><\/div><br \/>\n<div class='avia-buttonrow-wrap avia-buttonrow-center  '>\n<a href='\/?page_id=2110'  class='avia-button  avia-icon_select-no avia-color-theme-color-subtle avia-size-small '  style='margin-bottom:10px; margin-left:5px; margin-right:5px; ' ><span class='avia_iconbox_title' >LEE MAS<\/span><\/a>\n<a href='https:\/\/prosume.io\/wp-content\/uploads\/PROSUME_Case_e-Prosume.pdf'  class='avia-button  avia-icon_select-yes-left-icon avia-color-theme-color-highlight avia-size-small '  target=\"_blank\"  style='margin-bottom:10px; margin-left:5px; margin-right:5px; ' ><span class='avia_button_icon avia_button_icon_left ' aria-hidden='true' data-av_icon='\ue82d' data-av_iconfont='entypo-fontello'><\/span><span class='avia_iconbox_title' >DESCARGAR<\/span><\/a>\n<\/div><\/p><\/div><\/div><!--close column table wrapper. Autoclose: 1 --><div  class='hr hr-default  '><span class='hr-inner ' ><span class='hr-inner-style'><\/span><\/span><\/div>\n<div class='flex_column_table av-equal-height-column-flextable -flextable' ><div class=\"flex_column av_three_fourth  flex_column_table_cell av-equal-height-column av-align-middle first  \" style='padding:0px 10% 0px 10% ; border-radius:0px; '><div style='padding-bottom:10px; ' class='av-special-heading av-special-heading-h6  blockquote modern-quote   '><h6 class='av-special-heading-tag '  itemprop=\"headline\"  >Energy Commons Protocol<\/h6><div class ='av-subheading av-subheading_below  ' style='font-size:14px;'><h2>Interoperabilidad entre y dentro de los sistemas energ\u00e9ticos<\/h2>\n<p>El Protocolo Energy Commons (ECP) aprovecha los DLT para romper los silos de datos y la centralizaci\u00f3n en el sector energ\u00e9tico. ECP completa nuestra oferta al permitir la interoperabilidad entre ellos y con la infraestructura energ\u00e9tica.<\/p>\n<\/div><div class='special-heading-border'><div class='special-heading-inner-border' ><\/div><\/div><\/div><\/div><\/div><!--close column table wrapper. Autoclose: 1 --><div class='flex_column_table av-equal-height-column-flextable -flextable' ><div class='av-flex-placeholder'><\/div><div class=\"flex_column av_one_fourth  flex_column_table_cell av-equal-height-column av-align-middle av-zero-column-padding   \" style='border-radius:0px; '><p><div class='avia-image-container  av-styling-no-styling    avia-align-center '  itemprop=\"ImageObject\" itemscope=\"itemscope\" itemtype=\"https:\/\/schema.org\/ImageObject\"  ><div class='avia-image-container-inner'><div class='avia-image-overlay-wrap'><img class='avia_image lazyload' data-src='https:\/\/prosume.io\/wp-content\/uploads\/Ledger_logo.png' alt='' title='Ledger_logo' height=\"156\"width=\"584\"  itemprop=\"thumbnailUrl\" src=\"data:image\/gif;base64,R0lGODlhAQABAAAAACH5BAEKAAEALAAAAAABAAEAAAICTAEAOw==\" style=\"--smush-placeholder-width: 584px; --smush-placeholder-aspect-ratio: 584\/156;\" \/><\/div><\/div><\/div><br \/>\n<div style='height:25px' class='hr hr-invisible  '><span class='hr-inner ' ><span class='hr-inner-style'><\/span><\/span><\/div><br \/>\n<div class='avia-buttonrow-wrap avia-buttonrow-center  '>\n<a href='\/?page_id=2147'  class='avia-button  avia-icon_select-no avia-color-theme-color-subtle avia-size-small '  style='margin-bottom:10px; margin-left:5px; margin-right:5px; ' ><span class='avia_iconbox_title' >LEE MAS<\/span><\/a>\n<a href='https:\/\/prosume.io\/wp-content\/uploads\/PROSUME_Case_Ledger-Program.pdf'  class='avia-button  avia-icon_select-yes-left-icon avia-color-theme-color-highlight avia-size-small '  target=\"_blank\"  style='margin-bottom:10px; margin-left:5px; margin-right:5px; ' ><span class='avia_button_icon avia_button_icon_left ' aria-hidden='true' data-av_icon='\ue82d' data-av_iconfont='entypo-fontello'><\/span><span class='avia_iconbox_title' >DESCARGAR<\/span><\/a>\n<\/div><\/p><\/div><\/div><!--close column table wrapper. Autoclose: 1 --><\/div><\/div><\/div><!-- close content main div --><\/div><\/div><div id='after_section_2' class='main_color av_default_container_wrap container_wrap sidebar_left'   ><div class='container' ><div class='template-page content  av-content-small units'><div class='post-entry post-entry-type-page post-entry-2583'><div class='entry-content-wrapper clearfix'>\n","protected":false},"excerpt":{"rendered":"","protected":false},"author":4,"featured_media":0,"parent":0,"menu_order":0,"comment_status":"closed","ping_status":"closed","template":"","meta":{"footnotes":""},"class_list":["post-2583","page","type-page","status-publish","hentry"],"yoast_head":"<!-- This site is optimized with the Yoast SEO plugin v24.9 - https:\/\/yoast.com\/wordpress\/plugins\/seo\/ -->\n<title>Estudios de caso | Prosume<\/title>\n<meta name=\"robots\" content=\"noindex, nofollow\" \/>\n<meta name=\"twitter:card\" content=\"summary_large_image\" \/>\n<meta name=\"twitter:title\" content=\"Estudios de caso | Prosume\" \/>\n<meta name=\"twitter:site\" content=\"@ProsumeEnergy\" \/>\n<meta name=\"twitter:label1\" content=\"Tiempo de lectura\" \/>\n\t<meta name=\"twitter:data1\" content=\"10 minutos\" \/>\n<script type=\"application\/ld+json\" class=\"yoast-schema-graph\">{\"@context\":\"https:\/\/schema.org\",\"@graph\":[{\"@type\":\"WebPage\",\"@id\":\"https:\/\/prosume.io\/es\/estudios-de-caso\/\",\"url\":\"https:\/\/prosume.io\/es\/estudios-de-caso\/\",\"name\":\"Estudios de caso | Prosume\",\"isPartOf\":{\"@id\":\"https:\/\/prosume.io\/es\/#website\"},\"datePublished\":\"2020-01-08T09:46:39+00:00\",\"dateModified\":\"2020-01-08T09:46:43+00:00\",\"breadcrumb\":{\"@id\":\"https:\/\/prosume.io\/es\/estudios-de-caso\/#breadcrumb\"},\"inLanguage\":\"es\",\"potentialAction\":[{\"@type\":\"ReadAction\",\"target\":[\"https:\/\/prosume.io\/es\/estudios-de-caso\/\"]}]},{\"@type\":\"BreadcrumbList\",\"@id\":\"https:\/\/prosume.io\/es\/estudios-de-caso\/#breadcrumb\",\"itemListElement\":[{\"@type\":\"ListItem\",\"position\":1,\"name\":\"Home\",\"item\":\"https:\/\/prosume.io\/es\/\"},{\"@type\":\"ListItem\",\"position\":2,\"name\":\"Estudios de caso\"}]},{\"@type\":\"WebSite\",\"@id\":\"https:\/\/prosume.io\/es\/#website\",\"url\":\"https:\/\/prosume.io\/es\/\",\"name\":\"Prosume\",\"description\":\"Decentralizing Power\",\"publisher\":{\"@id\":\"https:\/\/prosume.io\/es\/#organization\"},\"potentialAction\":[{\"@type\":\"SearchAction\",\"target\":{\"@type\":\"EntryPoint\",\"urlTemplate\":\"https:\/\/prosume.io\/es\/?s={search_term_string}\"},\"query-input\":{\"@type\":\"PropertyValueSpecification\",\"valueRequired\":true,\"valueName\":\"search_term_string\"}}],\"inLanguage\":\"es\"},{\"@type\":\"Organization\",\"@id\":\"https:\/\/prosume.io\/es\/#organization\",\"name\":\"PROSUME S.r.l.\",\"url\":\"https:\/\/prosume.io\/es\/\",\"logo\":{\"@type\":\"ImageObject\",\"inLanguage\":\"es\",\"@id\":\"https:\/\/prosume.io\/es\/#\/schema\/logo\/image\/\",\"url\":\"https:\/\/prosume.io\/wp-content\/uploads\/2017\/09\/team_prosume.png\",\"contentUrl\":\"https:\/\/prosume.io\/wp-content\/uploads\/2017\/09\/team_prosume.png\",\"width\":480,\"height\":480,\"caption\":\"PROSUME S.r.l.\"},\"image\":{\"@id\":\"https:\/\/prosume.io\/es\/#\/schema\/logo\/image\/\"},\"sameAs\":[\"https:\/\/x.com\/ProsumeEnergy\",\"https:\/\/www.linkedin.com\/company\/prosumeenergy\/\",\"https:\/\/www.youtube.com\/channel\/UCQZrZLY9XLfy28QTNhwc11g\"]}]}<\/script>\n<!-- \/ Yoast SEO plugin. -->","yoast_head_json":{"title":"Estudios de caso | Prosume","robots":{"index":"noindex","follow":"nofollow"},"twitter_card":"summary_large_image","twitter_title":"Estudios de caso | Prosume","twitter_site":"@ProsumeEnergy","twitter_misc":{"Tiempo de lectura":"10 minutos"},"schema":{"@context":"https:\/\/schema.org","@graph":[{"@type":"WebPage","@id":"https:\/\/prosume.io\/es\/estudios-de-caso\/","url":"https:\/\/prosume.io\/es\/estudios-de-caso\/","name":"Estudios de caso | Prosume","isPartOf":{"@id":"https:\/\/prosume.io\/es\/#website"},"datePublished":"2020-01-08T09:46:39+00:00","dateModified":"2020-01-08T09:46:43+00:00","breadcrumb":{"@id":"https:\/\/prosume.io\/es\/estudios-de-caso\/#breadcrumb"},"inLanguage":"es","potentialAction":[{"@type":"ReadAction","target":["https:\/\/prosume.io\/es\/estudios-de-caso\/"]}]},{"@type":"BreadcrumbList","@id":"https:\/\/prosume.io\/es\/estudios-de-caso\/#breadcrumb","itemListElement":[{"@type":"ListItem","position":1,"name":"Home","item":"https:\/\/prosume.io\/es\/"},{"@type":"ListItem","position":2,"name":"Estudios de caso"}]},{"@type":"WebSite","@id":"https:\/\/prosume.io\/es\/#website","url":"https:\/\/prosume.io\/es\/","name":"Prosume","description":"Decentralizing Power","publisher":{"@id":"https:\/\/prosume.io\/es\/#organization"},"potentialAction":[{"@type":"SearchAction","target":{"@type":"EntryPoint","urlTemplate":"https:\/\/prosume.io\/es\/?s={search_term_string}"},"query-input":{"@type":"PropertyValueSpecification","valueRequired":true,"valueName":"search_term_string"}}],"inLanguage":"es"},{"@type":"Organization","@id":"https:\/\/prosume.io\/es\/#organization","name":"PROSUME S.r.l.","url":"https:\/\/prosume.io\/es\/","logo":{"@type":"ImageObject","inLanguage":"es","@id":"https:\/\/prosume.io\/es\/#\/schema\/logo\/image\/","url":"https:\/\/prosume.io\/wp-content\/uploads\/2017\/09\/team_prosume.png","contentUrl":"https:\/\/prosume.io\/wp-content\/uploads\/2017\/09\/team_prosume.png","width":480,"height":480,"caption":"PROSUME S.r.l."},"image":{"@id":"https:\/\/prosume.io\/es\/#\/schema\/logo\/image\/"},"sameAs":["https:\/\/x.com\/ProsumeEnergy","https:\/\/www.linkedin.com\/company\/prosumeenergy\/","https:\/\/www.youtube.com\/channel\/UCQZrZLY9XLfy28QTNhwc11g"]}]}},"_links":{"self":[{"href":"https:\/\/prosume.io\/es\/wp-json\/wp\/v2\/pages\/2583","targetHints":{"allow":["GET"]}}],"collection":[{"href":"https:\/\/prosume.io\/es\/wp-json\/wp\/v2\/pages"}],"about":[{"href":"https:\/\/prosume.io\/es\/wp-json\/wp\/v2\/types\/page"}],"author":[{"embeddable":true,"href":"https:\/\/prosume.io\/es\/wp-json\/wp\/v2\/users\/4"}],"replies":[{"embeddable":true,"href":"https:\/\/prosume.io\/es\/wp-json\/wp\/v2\/comments?post=2583"}],"version-history":[{"count":0,"href":"https:\/\/prosume.io\/es\/wp-json\/wp\/v2\/pages\/2583\/revisions"}],"wp:attachment":[{"href":"https:\/\/prosume.io\/es\/wp-json\/wp\/v2\/media?parent=2583"}],"curies":[{"name":"wp","href":"https:\/\/api.w.org\/{rel}","templated":true}]}}