{"id":3600,"date":"2022-04-06T09:30:54","date_gmt":"2022-04-06T07:30:54","guid":{"rendered":"https:\/\/prosume.io\/?page_id=3600"},"modified":"2022-04-14T11:33:31","modified_gmt":"2022-04-14T09:33:31","slug":"faq","status":"publish","type":"page","link":"https:\/\/prosume.io\/it\/faq\/","title":{"rendered":"FAQ"},"content":{"rendered":"<p><strong>Cos&#8217;\u00e8 PROSUME?<\/strong><\/p>\n<p>PROSUME \u00e8 una APP dedicata ai membri delle comunit\u00e0 energetiche che permette di gestire e monitorare i dati relativi al consumo e alla produzione di energia.<\/p>\n<p>&nbsp;<\/p>\n<p><strong>Ho dimenticato la password, come faccio a recuperarla o a modificarla?<\/strong><\/p>\n<p>Premi su &#8220;<span style=\"text-decoration: underline;\">Dimenticato la Password?<\/span>&#8221; nella pagina di Login all&#8217;APP. Segui i passaggi, inserendo il tuo username e fai tap su &#8220;<span style=\"text-decoration: underline;\">Invia<\/span>&#8220;.\u00a0 Se PROSUME riconosce lo username come esistente, una mail verr\u00e0 inviata all&#8217;indirizzo email registrato sul tuo profilo.<\/p>\n<p>&nbsp;<\/p>\n<p><strong>Come posso disconnettermi dall&#8217;APP di PROSUME?<\/strong><\/p>\n<p>Per disconnetterti dall &#8216;APP, puoi accedere alla sezione del profilo: premi sull&#8217;icona del profilo in alto a destra, nell&#8217;header dell&#8217;APP e fai tap su &#8220;<span style=\"text-decoration: underline;\">Disconnetti<\/span>&#8220;.<\/p>\n<p>&nbsp;<\/p>\n<p><strong>Come posso modificare i miei dati personali?<\/strong><\/p>\n<p>Per modificare i dati personali, puoi accedere alla sezione del profilo: premi sull&#8217;icona del profilo in alto a destra, nell&#8217;header dell&#8217;APP, fai tap su &#8220;<span style=\"text-decoration: underline;\">Modifica Dati<\/span>&#8220;. I dati modificabili sono nome, cognome, email e numero di telefono. Premi su &#8220;<span style=\"text-decoration: underline;\">Modifica<\/span>&#8221; per completare la procedura.<\/p>\n<p>&nbsp;<\/p>\n<p><strong>Come posso modificare la mia password?<\/strong><\/p>\n<p>Per modificare la password, puoi accedere alle impostazioni: premi su &#8220;<span style=\"text-decoration: underline;\">Altro<\/span>&#8221; in basso a destra nel footer dell&#8217;APP , fai tap su &#8220;<span style=\"text-decoration: underline;\">Impostazioni<\/span>&#8220;, poi &#8220;<span style=\"text-decoration: underline;\">Cambia password<\/span>&#8220;.\u00a0 Ti verr\u00e0 chiesto di reinserire la password attuale e di crearne una nuova, da scrivere due volte. Premi su &#8220;<span style=\"text-decoration: underline;\">Modifica<\/span>&#8221; per completare la procedura.<\/p>\n<p>&nbsp;<\/p>\n<p><strong>Come faccio ad accedere con l&#8217;impronta digitale?<\/strong><\/p>\n<p>Per attivare l&#8217;accesso all&#8217;APP con impronta digitale, puoi accedere alle impostazioni: premi su &#8220;<span style=\"text-decoration: underline;\">Altro<\/span>&#8221; in basso a destra nel footer dell&#8217;APP e fai tap su &#8220;<span style=\"text-decoration: underline;\">Impostazioni<\/span>&#8220;.\u00a0 Nella sezione &#8220;Sicurezza&#8221; premi il quadratino accanto a &#8220;<span style=\"text-decoration: underline;\">Attiva l&#8217;accesso con Touch ID<\/span>&#8220;. Comparir\u00e0 una schermata per verificare la correttezza dell&#8217;impronta digitale: appoggia il polpastrello per confermare la tua identit\u00e0 e completare la procedura.<\/p>\n<p>&nbsp;<\/p>\n<p><strong>Come faccio a monitorare i miei consumi e la mia produzione?<\/strong><\/p>\n<p>Accedi alla sezione &#8220;<span style=\"text-decoration: underline;\">Trend personali<\/span>&#8221; dalla Home e premi sulla box &#8220;<span style=\"text-decoration: underline;\">La tua energia<\/span>&#8220;. Da qui puoi visualizzare il consumo e la produzione totali, nonch\u00e9 la variazione di queste variabili nel tempo, grazie a un grafico &#8220;scorrevole&#8221;. Fai tap su &#8220;<span style=\"text-decoration: underline;\">Filtra<\/span>&#8221; per visulaizzare dati riferiti al periodo che ti interessa.<\/p>\n<p>&nbsp;<\/p>\n<p><strong>Quali informazioni relative alla mia comunit\u00e0 posso visualizzare?<\/strong><\/p>\n<p>Puoi accedere alla sezione &#8220;Comunit\u00e0&#8221; da due strade:<\/p>\n<ul>\n<li>Premendo sulla box &#8220;<u>Comunit\u00e0 energetica<\/u>&#8221; dalla Home;<\/li>\n<li>Premendo sull&#8217;icona &#8220;<span style=\"text-decoration: underline;\">Comunit\u00e0<\/span>&#8221; in basso, nel footer dell&#8217;APP.<\/li>\n<\/ul>\n<p>Seleziona la comunit\u00e0 energetica che ti interessa. Dalla pagina principale della comunit\u00e0 energetica \u00e8 possibile:<\/p>\n<ul>\n<li>Visualizzare nome, codice identificativo e Community Manager della comunt\u00e0;<\/li>\n<li>Visualizzare i dati aggregati relativi a consumo e produzione della comunit\u00e0 e filtrare sul periodo di interesse;<\/li>\n<li>Scaricare il contratto della comunit\u00e0.<\/li>\n<\/ul>\n<p>&nbsp;<\/p>\n<p><strong>Cos&#8217;\u00e8 il Wallet?<\/strong><\/p>\n<p>Il Wallet \u00e8 un salvadanaio che ti permette di accumulare credito, grazie al tuo comportamento energetico virtuoso. Al momento non \u00e8 possibile accumulare credito ma speriamo di attivare questa nuova funzionalit\u00e0 molto presto. Ti terremo aggiornato!<\/p>\n<p>&nbsp;<\/p>\n<p><strong>Cos&#8217;\u00e8 un Asset?<\/strong><\/p>\n<p>Gli Asset sono oggetti che consumano e\/o producono energia e che possono essere monitorati dall&#8217;APP di PROSUME singolarmente. Ad esempio il tuo contatore domestico \u00e8 un Asset. Accedendo alla sezione &#8220;<span style=\"text-decoration: underline;\">Trend personali<\/span>&#8221; della Home, troverai un elenco degli asset registrati sul tuo profilo. Premendo su uno di essi, potrai visualizzare i dati riguardanti quello specifico oggetto.<\/p>\n","protected":false},"excerpt":{"rendered":"<p>Cos&#8217;\u00e8 PROSUME? PROSUME \u00e8 una APP dedicata ai membri delle comunit\u00e0 energetiche che permette di gestire e monitorare i dati relativi al consumo e alla produzione di energia. &nbsp; Ho dimenticato la password, come faccio a recuperarla o a modificarla? Premi su &#8220;Dimenticato la Password?&#8221; nella pagina di Login all&#8217;APP. Segui i passaggi, inserendo il [&hellip;]<\/p>\n","protected":false},"author":15,"featured_media":0,"parent":0,"menu_order":0,"comment_status":"closed","ping_status":"closed","template":"","meta":{"footnotes":""},"class_list":["post-3600","page","type-page","status-publish","hentry"],"yoast_head":"<!-- This site is optimized with the Yoast SEO plugin v24.9 - https:\/\/yoast.com\/wordpress\/plugins\/seo\/ -->\n<title>FAQ | Prosume<\/title>\n<meta name=\"robots\" content=\"index, follow, max-snippet:-1, max-image-preview:large, max-video-preview:-1\" \/>\n<link rel=\"canonical\" href=\"https:\/\/prosume.io\/it\/faq\/\" \/>\n<meta name=\"twitter:card\" content=\"summary_large_image\" \/>\n<meta name=\"twitter:title\" content=\"FAQ | Prosume\" \/>\n<meta name=\"twitter:description\" content=\"Cos&#8217;\u00e8 PROSUME? PROSUME \u00e8 una APP dedicata ai membri delle comunit\u00e0 energetiche che permette di gestire e monitorare i dati relativi al consumo e alla produzione di energia. &nbsp; Ho dimenticato la password, come faccio a recuperarla o a modificarla? Premi su &#8220;Dimenticato la Password?&#8221; nella pagina di Login all&#8217;APP. Segui i passaggi, inserendo il [&hellip;]\" \/>\n<meta name=\"twitter:site\" content=\"@ProsumeEnergy\" \/>\n<meta name=\"twitter:label1\" content=\"Tempo di lettura stimato\" \/>\n\t<meta name=\"twitter:data1\" content=\"3 minuti\" \/>\n<script type=\"application\/ld+json\" class=\"yoast-schema-graph\">{\"@context\":\"https:\/\/schema.org\",\"@graph\":[{\"@type\":\"WebPage\",\"@id\":\"https:\/\/prosume.io\/it\/faq\/\",\"url\":\"https:\/\/prosume.io\/it\/faq\/\",\"name\":\"FAQ | Prosume\",\"isPartOf\":{\"@id\":\"https:\/\/prosume.io\/it\/#website\"},\"datePublished\":\"2022-04-06T07:30:54+00:00\",\"dateModified\":\"2022-04-14T09:33:31+00:00\",\"breadcrumb\":{\"@id\":\"https:\/\/prosume.io\/it\/faq\/#breadcrumb\"},\"inLanguage\":\"it-IT\",\"potentialAction\":[{\"@type\":\"ReadAction\",\"target\":[\"https:\/\/prosume.io\/it\/faq\/\"]}]},{\"@type\":\"BreadcrumbList\",\"@id\":\"https:\/\/prosume.io\/it\/faq\/#breadcrumb\",\"itemListElement\":[{\"@type\":\"ListItem\",\"position\":1,\"name\":\"Home\",\"item\":\"https:\/\/prosume.io\/it\/\"},{\"@type\":\"ListItem\",\"position\":2,\"name\":\"FAQ\"}]},{\"@type\":\"WebSite\",\"@id\":\"https:\/\/prosume.io\/it\/#website\",\"url\":\"https:\/\/prosume.io\/it\/\",\"name\":\"Prosume\",\"description\":\"Decentralizing Power\",\"publisher\":{\"@id\":\"https:\/\/prosume.io\/it\/#organization\"},\"potentialAction\":[{\"@type\":\"SearchAction\",\"target\":{\"@type\":\"EntryPoint\",\"urlTemplate\":\"https:\/\/prosume.io\/it\/?s={search_term_string}\"},\"query-input\":{\"@type\":\"PropertyValueSpecification\",\"valueRequired\":true,\"valueName\":\"search_term_string\"}}],\"inLanguage\":\"it-IT\"},{\"@type\":\"Organization\",\"@id\":\"https:\/\/prosume.io\/it\/#organization\",\"name\":\"PROSUME S.r.l.\",\"url\":\"https:\/\/prosume.io\/it\/\",\"logo\":{\"@type\":\"ImageObject\",\"inLanguage\":\"it-IT\",\"@id\":\"https:\/\/prosume.io\/it\/#\/schema\/logo\/image\/\",\"url\":\"https:\/\/prosume.io\/wp-content\/uploads\/2017\/09\/team_prosume.png\",\"contentUrl\":\"https:\/\/prosume.io\/wp-content\/uploads\/2017\/09\/team_prosume.png\",\"width\":480,\"height\":480,\"caption\":\"PROSUME S.r.l.\"},\"image\":{\"@id\":\"https:\/\/prosume.io\/it\/#\/schema\/logo\/image\/\"},\"sameAs\":[\"https:\/\/x.com\/ProsumeEnergy\",\"https:\/\/www.linkedin.com\/company\/prosumeenergy\/\",\"https:\/\/www.youtube.com\/channel\/UCQZrZLY9XLfy28QTNhwc11g\"]}]}<\/script>\n<!-- \/ Yoast SEO plugin. -->","yoast_head_json":{"title":"FAQ | Prosume","robots":{"index":"index","follow":"follow","max-snippet":"max-snippet:-1","max-image-preview":"max-image-preview:large","max-video-preview":"max-video-preview:-1"},"canonical":"https:\/\/prosume.io\/it\/faq\/","twitter_card":"summary_large_image","twitter_title":"FAQ | Prosume","twitter_description":"Cos&#8217;\u00e8 PROSUME? PROSUME \u00e8 una APP dedicata ai membri delle comunit\u00e0 energetiche che permette di gestire e monitorare i dati relativi al consumo e alla produzione di energia. &nbsp; Ho dimenticato la password, come faccio a recuperarla o a modificarla? Premi su &#8220;Dimenticato la Password?&#8221; nella pagina di Login all&#8217;APP. Segui i passaggi, inserendo il [&hellip;]","twitter_site":"@ProsumeEnergy","twitter_misc":{"Tempo di lettura stimato":"3 minuti"},"schema":{"@context":"https:\/\/schema.org","@graph":[{"@type":"WebPage","@id":"https:\/\/prosume.io\/it\/faq\/","url":"https:\/\/prosume.io\/it\/faq\/","name":"FAQ | Prosume","isPartOf":{"@id":"https:\/\/prosume.io\/it\/#website"},"datePublished":"2022-04-06T07:30:54+00:00","dateModified":"2022-04-14T09:33:31+00:00","breadcrumb":{"@id":"https:\/\/prosume.io\/it\/faq\/#breadcrumb"},"inLanguage":"it-IT","potentialAction":[{"@type":"ReadAction","target":["https:\/\/prosume.io\/it\/faq\/"]}]},{"@type":"BreadcrumbList","@id":"https:\/\/prosume.io\/it\/faq\/#breadcrumb","itemListElement":[{"@type":"ListItem","position":1,"name":"Home","item":"https:\/\/prosume.io\/it\/"},{"@type":"ListItem","position":2,"name":"FAQ"}]},{"@type":"WebSite","@id":"https:\/\/prosume.io\/it\/#website","url":"https:\/\/prosume.io\/it\/","name":"Prosume","description":"Decentralizing Power","publisher":{"@id":"https:\/\/prosume.io\/it\/#organization"},"potentialAction":[{"@type":"SearchAction","target":{"@type":"EntryPoint","urlTemplate":"https:\/\/prosume.io\/it\/?s={search_term_string}"},"query-input":{"@type":"PropertyValueSpecification","valueRequired":true,"valueName":"search_term_string"}}],"inLanguage":"it-IT"},{"@type":"Organization","@id":"https:\/\/prosume.io\/it\/#organization","name":"PROSUME S.r.l.","url":"https:\/\/prosume.io\/it\/","logo":{"@type":"ImageObject","inLanguage":"it-IT","@id":"https:\/\/prosume.io\/it\/#\/schema\/logo\/image\/","url":"https:\/\/prosume.io\/wp-content\/uploads\/2017\/09\/team_prosume.png","contentUrl":"https:\/\/prosume.io\/wp-content\/uploads\/2017\/09\/team_prosume.png","width":480,"height":480,"caption":"PROSUME S.r.l."},"image":{"@id":"https:\/\/prosume.io\/it\/#\/schema\/logo\/image\/"},"sameAs":["https:\/\/x.com\/ProsumeEnergy","https:\/\/www.linkedin.com\/company\/prosumeenergy\/","https:\/\/www.youtube.com\/channel\/UCQZrZLY9XLfy28QTNhwc11g"]}]}},"_links":{"self":[{"href":"https:\/\/prosume.io\/it\/wp-json\/wp\/v2\/pages\/3600","targetHints":{"allow":["GET"]}}],"collection":[{"href":"https:\/\/prosume.io\/it\/wp-json\/wp\/v2\/pages"}],"about":[{"href":"https:\/\/prosume.io\/it\/wp-json\/wp\/v2\/types\/page"}],"author":[{"embeddable":true,"href":"https:\/\/prosume.io\/it\/wp-json\/wp\/v2\/users\/15"}],"replies":[{"embeddable":true,"href":"https:\/\/prosume.io\/it\/wp-json\/wp\/v2\/comments?post=3600"}],"version-history":[{"count":8,"href":"https:\/\/prosume.io\/it\/wp-json\/wp\/v2\/pages\/3600\/revisions"}],"predecessor-version":[{"id":3657,"href":"https:\/\/prosume.io\/it\/wp-json\/wp\/v2\/pages\/3600\/revisions\/3657"}],"wp:attachment":[{"href":"https:\/\/prosume.io\/it\/wp-json\/wp\/v2\/media?parent=3600"}],"curies":[{"name":"wp","href":"https:\/\/api.w.org\/{rel}","templated":true}]}}