{"id":3603,"date":"2022-04-06T09:36:27","date_gmt":"2022-04-06T07:36:27","guid":{"rendered":"https:\/\/prosume.io\/?page_id=3603"},"modified":"2022-04-12T16:36:45","modified_gmt":"2022-04-12T14:36:45","slug":"termini-e-condizioni","status":"publish","type":"page","link":"https:\/\/prosume.io\/it\/termini-e-condizioni\/","title":{"rendered":"Termini e condizioni"},"content":{"rendered":"<p><strong>Accordo di licenza con l&#8217;utente finale di PROSUME<\/strong><\/p>\n<p>Questo accordo di licenza con l&#8217;utente finale \u00e8 un accordo legale tra lei e Prosume srl.<\/p>\n<p>Questo accordo regola la vostra acquisizione e l&#8217;uso del nostro software PROSUME (&#8220;Software&#8221;) direttamente da Prosume srl o indirettamente attraverso un rivenditore o distributore autorizzato Prosume srl (un &#8220;Rivenditore&#8221;).<\/p>\n<p>Si prega di leggere attentamente questo accordo prima di utilizzare il software PROSUME. Esso fornisce una licenza d&#8217;uso del software PROSUME e contiene informazioni sulla garanzia e le esclusioni di responsabilit\u00e0.<\/p>\n<p>Se vi registrate per una prova gratuita del software PROSUME, questo accordo EULA regoler\u00e0 anche tale prova. Installando e\/o utilizzando il software PROSUME, confermate la vostra accettazione del software e accettate di essere vincolati dai termini del presente accordo.<\/p>\n<p>Se state stipulando il presente contratto per conto di una societ\u00e0 o di un&#8217;altra entit\u00e0 legale, dichiarate di avere l&#8217;autorit\u00e0 di vincolare tale entit\u00e0 e le sue affiliate a questi termini e condizioni. Se non avete tale autorit\u00e0 o se non siete d&#8217;accordo con i termini e le condizioni del presente contratto, non installate o utilizzate il Software e non dovete accettare il presente contratto.<\/p>\n<p>Il presente accordo si applica solo al Software fornito da Prosume srl, indipendentemente dal fatto che altri software siano citati o descritti nel presente documento. I termini si applicano anche a qualsiasi aggiornamento Prosume srl, supplementi, servizi basati su Internet, e servizi di supporto per il Software, a meno che altri termini accompagnino tali articoli alla consegna. In tal caso, tali termini si applicano.<\/p>\n<p><strong>Concessione di licenza<\/strong><\/p>\n<p>Prosume srl vi concede una licenza personale, non trasferibile e non esclusiva per utilizzare il software PROSUME sui vostri dispositivi in conformit\u00e0 con i termini di questo accordo.<\/p>\n<p>Siete autorizzati a caricare il software PROSUME (per esempio un PC, un portatile, un cellulare o un tablet) sotto il vostro controllo. Siete responsabili di garantire che il vostro dispositivo soddisfi i requisiti minimi del software PROSUME.<\/p>\n<p>Non vi \u00e8 permesso di:<\/p>\n<ul>\n<li>Editare, alterare, modificare, adattare, tradurre o cambiare in altro modo la totalit\u00e0 o una parte del software, n\u00e9 permettere che la totalit\u00e0 o una parte del software sia combinata o incorporata a qualsiasi altro software, n\u00e9 decompilare, disassemblare o decodificare il software, n\u00e9 tentare di fare queste cose;<\/li>\n<li>Riprodurre, copiare, distribuire, rivendere o altrimenti utilizzare il Software per qualsiasi scopo commerciale;<\/li>\n<li>Permettere a terzi di utilizzare il Software per conto o a beneficio di terzi;<\/li>\n<li>Utilizzare il Software in qualsiasi modo che violi qualsiasi legge locale, nazionale o internazionale applicabile;<\/li>\n<li>Utilizzare il Software per qualsiasi scopo che Prosume srl consideri una violazione del presente accordo;<\/li>\n<li>Propriet\u00e0 intellettuale e propriet\u00e0.<\/li>\n<\/ul>\n<p>Il Software (e il copyright, e altri diritti di propriet\u00e0 intellettuale di qualsiasi natura nel Software, comprese le modifiche apportate) sono e rimarranno di propriet\u00e0 di Prosume srl.<\/p>\n<p>Prosume srl si riserva il diritto di concedere licenze d&#8217;uso del Software a terzi.<\/p>\n<p><strong>Cessazione<\/strong><\/p>\n<p>Il presente accordo ha effetto dalla data del primo utilizzo del Software e continuer\u00e0 fino alla sua risoluzione. Si pu\u00f2 terminare in qualsiasi momento con una notifica scritta a Prosume srl.<\/p>\n<p>Verr\u00e0 inoltre terminato immediatamente se non si rispetta qualsiasi termine del presente accordo. A tale risoluzione, le licenze concesse da questo accordo termineranno immediatamente e l&#8217;utente accetta di interrompere ogni accesso e utilizzo del Software. Le disposizioni che per loro natura continuano e sopravvivono sopravviveranno a qualsiasi risoluzione del presente contratto.<\/p>\n<p><strong>Legge applicabile<\/strong><\/p>\n<p>Il presente contratto e qualsiasi controversia derivante da o in relazione al presente contratto saranno disciplinati e interpretati in conformit\u00e0 alle leggi italiane.<\/p>\n<p>&nbsp;<\/p>\n","protected":false},"excerpt":{"rendered":"<p>Accordo di licenza con l&#8217;utente finale di PROSUME Questo accordo di licenza con l&#8217;utente finale \u00e8 un accordo legale tra lei e Prosume srl. Questo accordo regola la vostra acquisizione e l&#8217;uso del nostro software PROSUME (&#8220;Software&#8221;) direttamente da Prosume srl o indirettamente attraverso un rivenditore o distributore autorizzato Prosume srl (un &#8220;Rivenditore&#8221;). Si prega [&hellip;]<\/p>\n","protected":false},"author":15,"featured_media":0,"parent":0,"menu_order":0,"comment_status":"closed","ping_status":"closed","template":"","meta":{"footnotes":""},"class_list":["post-3603","page","type-page","status-publish","hentry"],"yoast_head":"<!-- This site is optimized with the Yoast SEO plugin v24.9 - https:\/\/yoast.com\/wordpress\/plugins\/seo\/ -->\n<title>Termini e condizioni | Prosume<\/title>\n<meta name=\"robots\" content=\"index, follow, max-snippet:-1, max-image-preview:large, max-video-preview:-1\" \/>\n<link rel=\"canonical\" href=\"https:\/\/prosume.io\/it\/termini-e-condizioni\/\" \/>\n<meta name=\"twitter:card\" content=\"summary_large_image\" \/>\n<meta name=\"twitter:title\" content=\"Termini e condizioni | Prosume\" \/>\n<meta name=\"twitter:description\" content=\"Accordo di licenza con l&#8217;utente finale di PROSUME Questo accordo di licenza con l&#8217;utente finale \u00e8 un accordo legale tra lei e Prosume srl. Questo accordo regola la vostra acquisizione e l&#8217;uso del nostro software PROSUME (&#8220;Software&#8221;) direttamente da Prosume srl o indirettamente attraverso un rivenditore o distributore autorizzato Prosume srl (un &#8220;Rivenditore&#8221;). Si prega [&hellip;]\" \/>\n<meta name=\"twitter:site\" content=\"@ProsumeEnergy\" \/>\n<meta name=\"twitter:label1\" content=\"Tempo di lettura stimato\" \/>\n\t<meta name=\"twitter:data1\" content=\"3 minuti\" \/>\n<script type=\"application\/ld+json\" class=\"yoast-schema-graph\">{\"@context\":\"https:\/\/schema.org\",\"@graph\":[{\"@type\":\"WebPage\",\"@id\":\"https:\/\/prosume.io\/it\/termini-e-condizioni\/\",\"url\":\"https:\/\/prosume.io\/it\/termini-e-condizioni\/\",\"name\":\"Termini e condizioni | Prosume\",\"isPartOf\":{\"@id\":\"https:\/\/prosume.io\/it\/#website\"},\"datePublished\":\"2022-04-06T07:36:27+00:00\",\"dateModified\":\"2022-04-12T14:36:45+00:00\",\"breadcrumb\":{\"@id\":\"https:\/\/prosume.io\/it\/termini-e-condizioni\/#breadcrumb\"},\"inLanguage\":\"it-IT\",\"potentialAction\":[{\"@type\":\"ReadAction\",\"target\":[\"https:\/\/prosume.io\/it\/termini-e-condizioni\/\"]}]},{\"@type\":\"BreadcrumbList\",\"@id\":\"https:\/\/prosume.io\/it\/termini-e-condizioni\/#breadcrumb\",\"itemListElement\":[{\"@type\":\"ListItem\",\"position\":1,\"name\":\"Home\",\"item\":\"https:\/\/prosume.io\/it\/\"},{\"@type\":\"ListItem\",\"position\":2,\"name\":\"Termini e condizioni\"}]},{\"@type\":\"WebSite\",\"@id\":\"https:\/\/prosume.io\/it\/#website\",\"url\":\"https:\/\/prosume.io\/it\/\",\"name\":\"Prosume\",\"description\":\"Decentralizing Power\",\"publisher\":{\"@id\":\"https:\/\/prosume.io\/it\/#organization\"},\"potentialAction\":[{\"@type\":\"SearchAction\",\"target\":{\"@type\":\"EntryPoint\",\"urlTemplate\":\"https:\/\/prosume.io\/it\/?s={search_term_string}\"},\"query-input\":{\"@type\":\"PropertyValueSpecification\",\"valueRequired\":true,\"valueName\":\"search_term_string\"}}],\"inLanguage\":\"it-IT\"},{\"@type\":\"Organization\",\"@id\":\"https:\/\/prosume.io\/it\/#organization\",\"name\":\"PROSUME S.r.l.\",\"url\":\"https:\/\/prosume.io\/it\/\",\"logo\":{\"@type\":\"ImageObject\",\"inLanguage\":\"it-IT\",\"@id\":\"https:\/\/prosume.io\/it\/#\/schema\/logo\/image\/\",\"url\":\"https:\/\/prosume.io\/wp-content\/uploads\/2017\/09\/team_prosume.png\",\"contentUrl\":\"https:\/\/prosume.io\/wp-content\/uploads\/2017\/09\/team_prosume.png\",\"width\":480,\"height\":480,\"caption\":\"PROSUME S.r.l.\"},\"image\":{\"@id\":\"https:\/\/prosume.io\/it\/#\/schema\/logo\/image\/\"},\"sameAs\":[\"https:\/\/x.com\/ProsumeEnergy\",\"https:\/\/www.linkedin.com\/company\/prosumeenergy\/\",\"https:\/\/www.youtube.com\/channel\/UCQZrZLY9XLfy28QTNhwc11g\"]}]}<\/script>\n<!-- \/ Yoast SEO plugin. -->","yoast_head_json":{"title":"Termini e condizioni | Prosume","robots":{"index":"index","follow":"follow","max-snippet":"max-snippet:-1","max-image-preview":"max-image-preview:large","max-video-preview":"max-video-preview:-1"},"canonical":"https:\/\/prosume.io\/it\/termini-e-condizioni\/","twitter_card":"summary_large_image","twitter_title":"Termini e condizioni | Prosume","twitter_description":"Accordo di licenza con l&#8217;utente finale di PROSUME Questo accordo di licenza con l&#8217;utente finale \u00e8 un accordo legale tra lei e Prosume srl. Questo accordo regola la vostra acquisizione e l&#8217;uso del nostro software PROSUME (&#8220;Software&#8221;) direttamente da Prosume srl o indirettamente attraverso un rivenditore o distributore autorizzato Prosume srl (un &#8220;Rivenditore&#8221;). Si prega [&hellip;]","twitter_site":"@ProsumeEnergy","twitter_misc":{"Tempo di lettura stimato":"3 minuti"},"schema":{"@context":"https:\/\/schema.org","@graph":[{"@type":"WebPage","@id":"https:\/\/prosume.io\/it\/termini-e-condizioni\/","url":"https:\/\/prosume.io\/it\/termini-e-condizioni\/","name":"Termini e condizioni | Prosume","isPartOf":{"@id":"https:\/\/prosume.io\/it\/#website"},"datePublished":"2022-04-06T07:36:27+00:00","dateModified":"2022-04-12T14:36:45+00:00","breadcrumb":{"@id":"https:\/\/prosume.io\/it\/termini-e-condizioni\/#breadcrumb"},"inLanguage":"it-IT","potentialAction":[{"@type":"ReadAction","target":["https:\/\/prosume.io\/it\/termini-e-condizioni\/"]}]},{"@type":"BreadcrumbList","@id":"https:\/\/prosume.io\/it\/termini-e-condizioni\/#breadcrumb","itemListElement":[{"@type":"ListItem","position":1,"name":"Home","item":"https:\/\/prosume.io\/it\/"},{"@type":"ListItem","position":2,"name":"Termini e condizioni"}]},{"@type":"WebSite","@id":"https:\/\/prosume.io\/it\/#website","url":"https:\/\/prosume.io\/it\/","name":"Prosume","description":"Decentralizing Power","publisher":{"@id":"https:\/\/prosume.io\/it\/#organization"},"potentialAction":[{"@type":"SearchAction","target":{"@type":"EntryPoint","urlTemplate":"https:\/\/prosume.io\/it\/?s={search_term_string}"},"query-input":{"@type":"PropertyValueSpecification","valueRequired":true,"valueName":"search_term_string"}}],"inLanguage":"it-IT"},{"@type":"Organization","@id":"https:\/\/prosume.io\/it\/#organization","name":"PROSUME S.r.l.","url":"https:\/\/prosume.io\/it\/","logo":{"@type":"ImageObject","inLanguage":"it-IT","@id":"https:\/\/prosume.io\/it\/#\/schema\/logo\/image\/","url":"https:\/\/prosume.io\/wp-content\/uploads\/2017\/09\/team_prosume.png","contentUrl":"https:\/\/prosume.io\/wp-content\/uploads\/2017\/09\/team_prosume.png","width":480,"height":480,"caption":"PROSUME S.r.l."},"image":{"@id":"https:\/\/prosume.io\/it\/#\/schema\/logo\/image\/"},"sameAs":["https:\/\/x.com\/ProsumeEnergy","https:\/\/www.linkedin.com\/company\/prosumeenergy\/","https:\/\/www.youtube.com\/channel\/UCQZrZLY9XLfy28QTNhwc11g"]}]}},"_links":{"self":[{"href":"https:\/\/prosume.io\/it\/wp-json\/wp\/v2\/pages\/3603","targetHints":{"allow":["GET"]}}],"collection":[{"href":"https:\/\/prosume.io\/it\/wp-json\/wp\/v2\/pages"}],"about":[{"href":"https:\/\/prosume.io\/it\/wp-json\/wp\/v2\/types\/page"}],"author":[{"embeddable":true,"href":"https:\/\/prosume.io\/it\/wp-json\/wp\/v2\/users\/15"}],"replies":[{"embeddable":true,"href":"https:\/\/prosume.io\/it\/wp-json\/wp\/v2\/comments?post=3603"}],"version-history":[{"count":7,"href":"https:\/\/prosume.io\/it\/wp-json\/wp\/v2\/pages\/3603\/revisions"}],"predecessor-version":[{"id":3715,"href":"https:\/\/prosume.io\/it\/wp-json\/wp\/v2\/pages\/3603\/revisions\/3715"}],"wp:attachment":[{"href":"https:\/\/prosume.io\/it\/wp-json\/wp\/v2\/media?parent=3603"}],"curies":[{"name":"wp","href":"https:\/\/api.w.org\/{rel}","templated":true}]}}